{"id":5991,"date":"2022-05-08T22:01:50","date_gmt":"2022-05-08T19:01:50","guid":{"rendered":"https:\/\/www.epoproff.ee\/varikortit\/"},"modified":"2022-06-07T23:05:51","modified_gmt":"2022-06-07T20:05:51","slug":"varikortit","status":"publish","type":"page","link":"https:\/\/www.epoproff.ee\/fi\/varikortit\/","title":{"rendered":"V\u00e4rikortit"},"content":{"rendered":"<div class=\"fusion-fullwidth fullwidth-box fusion-builder-row-1 fusion-flex-container nonhundred-percent-fullwidth non-hundred-percent-height-scrolling\" style=\"--awb-border-sizes-top:0px;--awb-border-sizes-bottom:0px;--awb-border-sizes-left:0px;--awb-border-sizes-right:0px;--awb-border-radius-top-left:0px;--awb-border-radius-top-right:0px;--awb-border-radius-bottom-right:0px;--awb-border-radius-bottom-left:0px;--awb-padding-top:6%;--awb-padding-bottom:6%;--awb-padding-bottom-medium:10px;--awb-flex-wrap:wrap;\" ><div class=\"fusion-builder-row fusion-row fusion-flex-align-items-stretch fusion-flex-content-wrap\" style=\"max-width:1320.8px;margin-left: calc(-4% \/ 2 );margin-right: calc(-4% \/ 2 );\"><div class=\"fusion-layout-column fusion_builder_column fusion-builder-column-0 fusion_builder_column_1_1 1_1 fusion-flex-column fusion-animated\" style=\"--awb-bg-size:cover;--awb-width-large:100%;--awb-margin-top-large:0px;--awb-spacing-right-large:1.92%;--awb-margin-bottom-large:0px;--awb-spacing-left-large:1.92%;--awb-width-medium:100%;--awb-spacing-right-medium:1.92%;--awb-spacing-left-medium:1.92%;--awb-width-small:100%;--awb-spacing-right-small:1.92%;--awb-spacing-left-small:1.92%;\" data-animationType=\"fadeIn\" data-animationDuration=\"1.0\" data-animationOffset=\"top-into-view\"><div class=\"fusion-column-wrapper fusion-column-has-shadow fusion-flex-justify-content-center fusion-content-layout-column\"><div class=\"fusion-title title fusion-title-1 fusion-sep-none fusion-title-text fusion-title-size-six\" style=\"--awb-text-color:#181b20;--awb-margin-bottom:10px;--awb-margin-top-small:8px;--awb-margin-right-small:0px;--awb-margin-bottom-small:10px;--awb-margin-left-small:0px;\"><h6 class=\"fusion-title-heading title-heading-left fusion-responsive-typography-calculated\" style=\"margin:0;letter-spacing:2px;text-transform:var(--awb-typography2-text-transform);--fontSize:12;--minFontSize:12;line-height:2.33;\">Epoproff Epoksilattioita<\/h6><\/div><div class=\"fusion-title title fusion-title-2 fusion-sep-none fusion-title-text fusion-title-size-one\" style=\"--awb-margin-bottom:30px;--awb-margin-top-small:8px;--awb-margin-right-small:0px;--awb-margin-bottom-small:16px;--awb-margin-left-small:0px;\"><h1 class=\"fusion-title-heading title-heading-left fusion-responsive-typography-calculated\" style=\"margin:0;text-transform:none;--fontSize:80;line-height:var(--awb-typography1-line-height);\">V\u00e4rikortit<\/h1><\/div><div class=\"fusion-text fusion-text-1\"><p>Teemme eriv\u00e4risi\u00e4 epoksilattioita ja tarvittaessa voimme tehd\u00e4 my\u00f6s moniv\u00e4risen lattian. Jotta epoksilattiasta tulisi haluamasi v\u00e4rinen, olemme liitt\u00e4neet t\u00e4h\u00e4n v\u00e4rikartat, joiden mukaan s\u00e4vyt\u00e4mme lattioita. Olemme aina avoimia kaikille epoksilattioiden v\u00e4ritt\u00e4misen erikoisratkaisuille. Mik\u00e4\u00e4n v\u00e4riratkaisu ei ole liian erikoinen \u2013 ota siis yhteytt\u00e4 meihin ja l\u00f6yd\u00e4mme yhdess\u00e4 ratkaisun.<\/p>\n<\/div><\/div><\/div><div class=\"fusion-layout-column fusion_builder_column fusion-builder-column-1 fusion_builder_column_1_1 1_1 fusion-flex-column fusion-animated\" style=\"--awb-padding-top:70px;--awb-bg-size:cover;--awb-width-large:100%;--awb-margin-top-large:0px;--awb-spacing-right-large:1.92%;--awb-margin-bottom-large:0px;--awb-spacing-left-large:1.92%;--awb-width-medium:100%;--awb-spacing-right-medium:1.92%;--awb-spacing-left-medium:1.92%;--awb-width-small:100%;--awb-spacing-right-small:1.92%;--awb-spacing-left-small:1.92%;\" data-animationType=\"fadeIn\" data-animationDuration=\"1.0\" data-animationOffset=\"top-into-view\"><div class=\"fusion-column-wrapper fusion-column-has-shadow fusion-flex-justify-content-center fusion-content-layout-column\"><div class=\"awb-gallery-wrapper awb-gallery-wrapper-1 button-span-no\"><div style=\"margin:-5px;--awb-aspect-ratio: 100 \/ 100;--awb-object-position:49% 0%;--awb-bordersize:0px;--awb-caption-title-size:30px;--awb-caption-title-transform:uppercase;--awb-caption-margin-top:10px;--awb-caption-margin-bottom:10px;\" class=\"fusion-gallery fusion-gallery-container fusion-grid-3 fusion-columns-total-3 fusion-gallery-layout-grid fusion-gallery-1 has-aspect-ratio\"><div style=\"padding:5px;\" class=\"fusion-grid-column fusion-gallery-column fusion-gallery-column-3 awb-imageframe-style awb-imageframe-style-below awb-imageframe-style-1\"><div class=\"fusion-gallery-image fusion-gallery-image-liftup\"><a href=\"https:\/\/www.epoproff.ee\/wp-content\/uploads\/2022\/05\/file_1397043709.pdf\" data-title=\"epoporandad epoproff varviliivad\" title=\"epoporandad epoproff varviliivad\" rel=\"noreferrer\" data-rel=\"iLightbox[gallery_image_1]\" class=\"fusion-lightbox\" target=\"_blank\"><img decoding=\"async\" src=\"https:\/\/www.epoproff.ee\/wp-content\/uploads\/2022\/05\/epoporandad-epoproff-varvikaart.png\" data-orig-src=\"https:\/\/www.epoproff.ee\/wp-content\/uploads\/2022\/05\/epoporandad-epoproff-varvikaart.png\" width=\"570\" height=\"638\" alt=\"\" title=\"epoporandad epoproff varviliivad\" aria-label=\"epoporandad epoproff varviliivad\" class=\"lazyload img-responsive wp-image-3936\" style=\"object-position:50% 0%;\" srcset=\"data:image\/svg+xml,%3Csvg%20xmlns%3D%27http%3A%2F%2Fwww.w3.org%2F2000%2Fsvg%27%20width%3D%27570%27%20height%3D%27638%27%20viewBox%3D%270%200%20570%20638%27%3E%3Crect%20width%3D%27570%27%20height%3D%27638%27%20fill-opacity%3D%220%22%2F%3E%3C%2Fsvg%3E\" data-srcset=\"https:\/\/www.epoproff.ee\/wp-content\/uploads\/2022\/05\/epoporandad-epoproff-varvikaart-200x224.png 200w, https:\/\/www.epoproff.ee\/wp-content\/uploads\/2022\/05\/epoporandad-epoproff-varvikaart-400x448.png 400w, https:\/\/www.epoproff.ee\/wp-content\/uploads\/2022\/05\/epoporandad-epoproff-varvikaart.png 570w\" data-sizes=\"auto\" data-orig-sizes=\"(min-width: 2200px) 100vw, (min-width: 784px) 420px, (min-width: 712px) 630px, (min-width: 640px) 712px, \" \/><\/a><\/div><div class=\"awb-imageframe-caption-container\"><div class=\"awb-imageframe-caption\"><h2 class=\"awb-imageframe-caption-title\">V\u00e4rikartta<\/h2><p class=\"awb-imageframe-caption-text\"> <\/p><\/div><\/div><\/div><div style=\"padding:5px;\" class=\"fusion-grid-column fusion-gallery-column fusion-gallery-column-3 awb-imageframe-style awb-imageframe-style-below awb-imageframe-style-1\"><div class=\"fusion-gallery-image fusion-gallery-image-liftup\"><a href=\"https:\/\/www.epoproff.ee\/wp-content\/uploads\/2022\/05\/sand_kataloog.pdf\" data-title=\"epoporandad epoliivad\" title=\"epoporandad epoliivad\" rel=\"noreferrer\" data-rel=\"iLightbox[gallery_image_1]\" class=\"fusion-lightbox\" target=\"_blank\"><img decoding=\"async\" src=\"https:\/\/www.epoproff.ee\/wp-content\/uploads\/2022\/05\/epoporandad-epoliivad.png\" data-orig-src=\"https:\/\/www.epoproff.ee\/wp-content\/uploads\/2022\/05\/epoporandad-epoliivad.png\" width=\"570\" height=\"638\" alt=\"\" title=\"epoporandad epoliivad\" aria-label=\"epoporandad epoliivad\" class=\"lazyload img-responsive wp-image-3937\" style=\"object-position:50% 0%;\" srcset=\"data:image\/svg+xml,%3Csvg%20xmlns%3D%27http%3A%2F%2Fwww.w3.org%2F2000%2Fsvg%27%20width%3D%27570%27%20height%3D%27638%27%20viewBox%3D%270%200%20570%20638%27%3E%3Crect%20width%3D%27570%27%20height%3D%27638%27%20fill-opacity%3D%220%22%2F%3E%3C%2Fsvg%3E\" data-srcset=\"https:\/\/www.epoproff.ee\/wp-content\/uploads\/2022\/05\/epoporandad-epoliivad-200x224.png 200w, https:\/\/www.epoproff.ee\/wp-content\/uploads\/2022\/05\/epoporandad-epoliivad-400x448.png 400w, https:\/\/www.epoproff.ee\/wp-content\/uploads\/2022\/05\/epoporandad-epoliivad.png 570w\" data-sizes=\"auto\" data-orig-sizes=\"(min-width: 2200px) 100vw, (min-width: 784px) 420px, (min-width: 712px) 630px, (min-width: 640px) 712px, \" \/><\/a><\/div><div class=\"awb-imageframe-caption-container\"><div class=\"awb-imageframe-caption\"><h2 class=\"awb-imageframe-caption-title\">V\u00e4rihiekat<\/h2><p class=\"awb-imageframe-caption-text\"> <\/p><\/div><\/div><\/div><div style=\"padding:5px;\" class=\"fusion-grid-column fusion-gallery-column fusion-gallery-column-3 awb-imageframe-style awb-imageframe-style-below awb-imageframe-style-1\"><div class=\"fusion-gallery-image fusion-gallery-image-liftup\"><a href=\"https:\/\/www.scanmineral.se\/wp-content\/themes\/topborn\/library\/pdf\/Scanmineral_fargguide_webb.pdf\" data-title=\"epoporandad varvliivade ja kivide kataloog\" title=\"epoporandad varvliivade ja kivide kataloog\" rel=\"noreferrer\" data-rel=\"iLightbox[gallery_image_1]\" class=\"fusion-lightbox\" target=\"_blank\"><img decoding=\"async\" src=\"https:\/\/www.epoproff.ee\/wp-content\/uploads\/2022\/05\/epoporandad-varvliivade-ja-kivide-kataloog.png\" data-orig-src=\"https:\/\/www.epoproff.ee\/wp-content\/uploads\/2022\/05\/epoporandad-varvliivade-ja-kivide-kataloog.png\" width=\"570\" height=\"638\" alt=\"\" title=\"epoporandad varvliivade ja kivide kataloog\" aria-label=\"epoporandad varvliivade ja kivide kataloog\" class=\"lazyload img-responsive wp-image-3938\" srcset=\"data:image\/svg+xml,%3Csvg%20xmlns%3D%27http%3A%2F%2Fwww.w3.org%2F2000%2Fsvg%27%20width%3D%27570%27%20height%3D%27638%27%20viewBox%3D%270%200%20570%20638%27%3E%3Crect%20width%3D%27570%27%20height%3D%27638%27%20fill-opacity%3D%220%22%2F%3E%3C%2Fsvg%3E\" data-srcset=\"https:\/\/www.epoproff.ee\/wp-content\/uploads\/2022\/05\/epoporandad-varvliivade-ja-kivide-kataloog-200x224.png 200w, https:\/\/www.epoproff.ee\/wp-content\/uploads\/2022\/05\/epoporandad-varvliivade-ja-kivide-kataloog-400x448.png 400w, https:\/\/www.epoproff.ee\/wp-content\/uploads\/2022\/05\/epoporandad-varvliivade-ja-kivide-kataloog.png 570w\" data-sizes=\"auto\" data-orig-sizes=\"(min-width: 2200px) 100vw, (min-width: 784px) 420px, (min-width: 712px) 630px, (min-width: 640px) 712px, \" \/><\/a><\/div><div class=\"awb-imageframe-caption-container\"><div class=\"awb-imageframe-caption\"><h2 class=\"awb-imageframe-caption-title\">V\u00e4rihiekkojen ja -kivien luettelo<\/h2><p class=\"awb-imageframe-caption-text\"> <\/p><\/div><\/div><\/div><div class=\"clearfix\"><\/div><\/div><\/div><\/div><\/div><div class=\"fusion-layout-column fusion_builder_column fusion-builder-column-2 fusion_builder_column_1_5 1_5 fusion-flex-column fusion-animated\" style=\"--awb-bg-size:cover;--awb-width-large:20%;--awb-margin-top-large:0px;--awb-spacing-right-large:9.6%;--awb-margin-bottom-large:0px;--awb-spacing-left-large:9.6%;--awb-width-medium:100%;--awb-spacing-right-medium:1.92%;--awb-spacing-left-medium:1.92%;--awb-width-small:100%;--awb-spacing-right-small:1.92%;--awb-spacing-left-small:1.92%;\" data-animationType=\"fadeIn\" data-animationDuration=\"1.0\" data-animationOffset=\"top-into-view\"><div class=\"fusion-column-wrapper fusion-column-has-shadow fusion-flex-justify-content-center fusion-content-layout-column\"><div ><a class=\"fusion-button button-flat button-xlarge button-custom fusion-button-default button-1 fusion-button-span-yes fusion-button-default-type\" style=\"--button_accent_color:var(--awb-color1);--button_border_color:var(--awb-color7);--button_accent_hover_color:var(--awb-color7);--button_border_hover_color:var(--awb-color7);--button_border_width-top:3px;--button_border_width-right:3px;--button_border_width-bottom:3px;--button_border_width-left:3px;--button_gradient_top_color:var(--awb-color7);--button_gradient_bottom_color:var(--awb-color7);--button_gradient_top_color_hover:hsla(var(--awb-color1-h),var(--awb-color1-s),var(--awb-color1-l),calc( var(--awb-color1-a) - 5% ));--button_gradient_bottom_color_hover:hsla(var(--awb-color1-h),var(--awb-color1-s),var(--awb-color1-l),calc( var(--awb-color1-a) - 5% ));--button_text_transform:var(--awb-typography2-text-transform);--button_typography-letter-spacing:var(--awb-typography3-letter-spacing);--button_typography-font-family:var(--awb-typography3-font-family);--button_typography-font-weight:var(--awb-typography3-font-weight);--button_typography-font-style:var(--awb-typography3-font-style);--button_margin-top:20px;\" target=\"_self\" href=\"https:\/\/www.epoproff.ee\/fi\/ottaa-yhteytta\"><span class=\"fusion-button-text awb-button__text awb-button__text--default\">Ottaa yhteytt\u00e4<\/span><\/a><\/div><\/div><\/div><\/div><\/div>\n","protected":false},"excerpt":{"rendered":"","protected":false},"author":2,"featured_media":0,"parent":0,"menu_order":0,"comment_status":"closed","ping_status":"closed","template":"100-width.php","meta":{"footnotes":""},"class_list":["post-5991","page","type-page","status-publish","hentry"],"_links":{"self":[{"href":"https:\/\/www.epoproff.ee\/fi\/wp-json\/wp\/v2\/pages\/5991","targetHints":{"allow":["GET"]}}],"collection":[{"href":"https:\/\/www.epoproff.ee\/fi\/wp-json\/wp\/v2\/pages"}],"about":[{"href":"https:\/\/www.epoproff.ee\/fi\/wp-json\/wp\/v2\/types\/page"}],"author":[{"embeddable":true,"href":"https:\/\/www.epoproff.ee\/fi\/wp-json\/wp\/v2\/users\/2"}],"replies":[{"embeddable":true,"href":"https:\/\/www.epoproff.ee\/fi\/wp-json\/wp\/v2\/comments?post=5991"}],"version-history":[{"count":4,"href":"https:\/\/www.epoproff.ee\/fi\/wp-json\/wp\/v2\/pages\/5991\/revisions"}],"predecessor-version":[{"id":7124,"href":"https:\/\/www.epoproff.ee\/fi\/wp-json\/wp\/v2\/pages\/5991\/revisions\/7124"}],"wp:attachment":[{"href":"https:\/\/www.epoproff.ee\/fi\/wp-json\/wp\/v2\/media?parent=5991"}],"curies":[{"name":"wp","href":"https:\/\/api.w.org\/{rel}","templated":true}]}}