{"id":5978,"date":"2022-04-17T21:14:33","date_gmt":"2022-04-17T18:14:33","guid":{"rendered":"https:\/\/www.epoproff.ee\/puhdistus\/"},"modified":"2023-02-25T19:13:32","modified_gmt":"2023-02-25T17:13:32","slug":"epoksilattian-puhdistus","status":"publish","type":"page","link":"https:\/\/www.epoproff.ee\/fi\/epoksilattian-puhdistus\/","title":{"rendered":"Epoksilattian puhdistus"},"content":{"rendered":"<div class=\"fusion-fullwidth fullwidth-box fusion-builder-row-1 fusion-flex-container nonhundred-percent-fullwidth non-hundred-percent-height-scrolling\" style=\"--awb-border-sizes-top:0px;--awb-border-sizes-bottom:0px;--awb-border-sizes-left:0px;--awb-border-sizes-right:0px;--awb-border-radius-top-left:0px;--awb-border-radius-top-right:0px;--awb-border-radius-bottom-right:0px;--awb-border-radius-bottom-left:0px;--awb-padding-top:4%;--awb-padding-bottom:6%;--awb-padding-bottom-medium:10px;--awb-flex-wrap:wrap;\" ><div class=\"fusion-builder-row fusion-row fusion-flex-align-items-stretch fusion-flex-content-wrap\" style=\"max-width:1320.8px;margin-left: calc(-4% \/ 2 );margin-right: calc(-4% \/ 2 );\"><div class=\"fusion-layout-column fusion_builder_column fusion-builder-column-0 fusion_builder_column_1_1 1_1 fusion-flex-column fusion-animated\" style=\"--awb-bg-size:cover;--awb-width-large:100%;--awb-margin-top-large:0px;--awb-spacing-right-large:1.92%;--awb-margin-bottom-large:0px;--awb-spacing-left-large:1.92%;--awb-width-medium:100%;--awb-spacing-right-medium:1.92%;--awb-spacing-left-medium:1.92%;--awb-width-small:100%;--awb-spacing-right-small:1.92%;--awb-spacing-left-small:1.92%;\" data-animationType=\"fadeIn\" data-animationDuration=\"1.0\" data-animationOffset=\"top-into-view\"><div class=\"fusion-column-wrapper fusion-column-has-shadow fusion-flex-justify-content-center fusion-content-layout-column\"><div class=\"fusion-title title fusion-title-1 fusion-sep-none fusion-title-text fusion-title-size-six\" style=\"--awb-text-color:#181b20;--awb-margin-bottom:10px;--awb-margin-top-small:8px;--awb-margin-right-small:0px;--awb-margin-bottom-small:10px;--awb-margin-left-small:0px;\"><h6 class=\"fusion-title-heading title-heading-left fusion-responsive-typography-calculated\" style=\"margin:0;letter-spacing:2px;text-transform:var(--awb-typography2-text-transform);--fontSize:12;--minFontSize:12;line-height:2.33;\">Epoproff Epoksilattioita<\/h6><\/div><div class=\"fusion-title title fusion-title-2 fusion-sep-none fusion-title-text fusion-title-size-one\" style=\"--awb-margin-bottom:30px;--awb-margin-top-small:8px;--awb-margin-right-small:0px;--awb-margin-bottom-small:16px;--awb-margin-left-small:0px;\"><h1 class=\"fusion-title-heading title-heading-left fusion-responsive-typography-calculated\" style=\"margin:0;text-transform:none;--fontSize:80;line-height:var(--awb-typography1-line-height);\">Epoksilattian puhdistus<\/h1><\/div><div class=\"fusion-text fusion-text-1\"><p>Epoproff O\u00dc on ensimm\u00e4isen\u00e4 Virossa kehitt\u00e4nyt ainutlaatuisen epoksilattioiden puhdistuspalvelun, koska markkinoilla on sille kysynt\u00e4\u00e4. K\u00e4yt\u00e4mme laadukkaita, erityisesti epoksilattioiden hoitoon ja puhdistukseen tarkoitettuja laitteita ja v\u00e4lineit\u00e4.<\/p>\n<p>Kun tilaat meilt\u00e4 kattavan palvelun (epoksilattian asennus ja m\u00e4\u00e4r\u00e4aikainen hoito), uuden lattiasi takuuaika pitenee vuodella (2 v + 1 v).<\/p>\n<p>Ota meihin yhteytt\u00e4 ja kysy lis\u00e4\u00e4.<\/p>\n<\/div><\/div><\/div><div class=\"fusion-layout-column fusion_builder_column fusion-builder-column-1 fusion_builder_column_1_1 1_1 fusion-flex-column fusion-animated\" style=\"--awb-bg-size:cover;--awb-width-large:100%;--awb-margin-top-large:0px;--awb-spacing-right-large:1.92%;--awb-margin-bottom-large:0px;--awb-spacing-left-large:1.92%;--awb-width-medium:100%;--awb-spacing-right-medium:1.92%;--awb-spacing-left-medium:1.92%;--awb-width-small:100%;--awb-spacing-right-small:1.92%;--awb-spacing-left-small:1.92%;\" data-animationType=\"fadeIn\" data-animationDuration=\"1.0\" data-animationOffset=\"top-into-view\"><div class=\"fusion-column-wrapper fusion-column-has-shadow fusion-flex-justify-content-center fusion-content-layout-column\"><div class=\"awb-gallery-wrapper awb-gallery-wrapper-1 button-span-no\"><div style=\"margin:-5px;--awb-bordersize:0px;\" class=\"fusion-gallery fusion-gallery-container fusion-grid-4 fusion-columns-total-4 fusion-gallery-layout-grid fusion-gallery-1\"><div style=\"padding:5px;\" class=\"fusion-grid-column fusion-gallery-column fusion-gallery-column-4 hover-type-zoomin\"><div class=\"fusion-gallery-image\"><a href=\"https:\/\/www.epoproff.ee\/wp-content\/uploads\/2022\/04\/epoporand-korteris-1030x773-1.jpg\" data-title=\"Korteris-1030&#215;773\" title=\"Korteris-1030&#215;773\" rel=\"noreferrer\" data-rel=\"iLightbox[gallery_image_1]\" class=\"fusion-lightbox\" target=\"_self\"><img decoding=\"async\" src=\"https:\/\/www.epoproff.ee\/wp-content\/uploads\/2022\/04\/epoporand-korteris-1030x773-1.jpg\" data-orig-src=\"https:\/\/www.epoproff.ee\/wp-content\/uploads\/2022\/04\/epoporand-korteris-1030x773-1.jpg\" width=\"1030\" height=\"773\" alt=\"\" title=\"Korteris-1030&#215;773\" aria-label=\"Korteris-1030&#215;773\" class=\"lazyload img-responsive wp-image-3858\" srcset=\"data:image\/svg+xml,%3Csvg%20xmlns%3D%27http%3A%2F%2Fwww.w3.org%2F2000%2Fsvg%27%20width%3D%271030%27%20height%3D%27773%27%20viewBox%3D%270%200%201030%20773%27%3E%3Crect%20width%3D%271030%27%20height%3D%27773%27%20fill-opacity%3D%220%22%2F%3E%3C%2Fsvg%3E\" data-srcset=\"https:\/\/www.epoproff.ee\/wp-content\/uploads\/2022\/04\/epoporand-korteris-1030x773-1-200x150.jpg 200w, https:\/\/www.epoproff.ee\/wp-content\/uploads\/2022\/04\/epoporand-korteris-1030x773-1-400x300.jpg 400w, https:\/\/www.epoproff.ee\/wp-content\/uploads\/2022\/04\/epoporand-korteris-1030x773-1-600x450.jpg 600w, https:\/\/www.epoproff.ee\/wp-content\/uploads\/2022\/04\/epoporand-korteris-1030x773-1-800x600.jpg 800w, https:\/\/www.epoproff.ee\/wp-content\/uploads\/2022\/04\/epoporand-korteris-1030x773-1.jpg 1030w\" data-sizes=\"auto\" data-orig-sizes=\"(min-width: 2200px) 100vw, (min-width: 856px) 314px, (min-width: 784px) 418px, (min-width: 712px) 628px, (min-width: 640px) 712px, \" \/><\/a><\/div><\/div><div style=\"padding:5px;\" class=\"fusion-grid-column fusion-gallery-column fusion-gallery-column-4 hover-type-zoomin\"><div class=\"fusion-gallery-image\"><a href=\"https:\/\/www.epoproff.ee\/wp-content\/uploads\/2022\/04\/f0a8deff-63c1-4670-9d87-c3b7fabe9ef2.jpg\" data-title=\"f0a8deff-63c1-4670-9d87-c3b7fabe9ef2\" title=\"f0a8deff-63c1-4670-9d87-c3b7fabe9ef2\" rel=\"noreferrer\" data-rel=\"iLightbox[gallery_image_1]\" class=\"fusion-lightbox\" target=\"_self\"><img decoding=\"async\" src=\"https:\/\/www.epoproff.ee\/wp-content\/uploads\/2022\/04\/f0a8deff-63c1-4670-9d87-c3b7fabe9ef2.jpg\" data-orig-src=\"https:\/\/www.epoproff.ee\/wp-content\/uploads\/2022\/04\/f0a8deff-63c1-4670-9d87-c3b7fabe9ef2.jpg\" width=\"1024\" height=\"768\" alt=\"\" title=\"f0a8deff-63c1-4670-9d87-c3b7fabe9ef2\" aria-label=\"f0a8deff-63c1-4670-9d87-c3b7fabe9ef2\" class=\"lazyload img-responsive wp-image-3518\" srcset=\"data:image\/svg+xml,%3Csvg%20xmlns%3D%27http%3A%2F%2Fwww.w3.org%2F2000%2Fsvg%27%20width%3D%271024%27%20height%3D%27768%27%20viewBox%3D%270%200%201024%20768%27%3E%3Crect%20width%3D%271024%27%20height%3D%27768%27%20fill-opacity%3D%220%22%2F%3E%3C%2Fsvg%3E\" data-srcset=\"https:\/\/www.epoproff.ee\/wp-content\/uploads\/2022\/04\/f0a8deff-63c1-4670-9d87-c3b7fabe9ef2-200x150.jpg 200w, https:\/\/www.epoproff.ee\/wp-content\/uploads\/2022\/04\/f0a8deff-63c1-4670-9d87-c3b7fabe9ef2-400x300.jpg 400w, https:\/\/www.epoproff.ee\/wp-content\/uploads\/2022\/04\/f0a8deff-63c1-4670-9d87-c3b7fabe9ef2-600x450.jpg 600w, https:\/\/www.epoproff.ee\/wp-content\/uploads\/2022\/04\/f0a8deff-63c1-4670-9d87-c3b7fabe9ef2-800x600.jpg 800w, https:\/\/www.epoproff.ee\/wp-content\/uploads\/2022\/04\/f0a8deff-63c1-4670-9d87-c3b7fabe9ef2.jpg 1024w\" data-sizes=\"auto\" data-orig-sizes=\"(min-width: 2200px) 100vw, (min-width: 856px) 314px, (min-width: 784px) 418px, (min-width: 712px) 628px, (min-width: 640px) 712px, \" \/><\/a><\/div><\/div><div style=\"padding:5px;\" class=\"fusion-grid-column fusion-gallery-column fusion-gallery-column-4 hover-type-zoomin\"><div class=\"fusion-gallery-image\"><a href=\"https:\/\/www.epoproff.ee\/wp-content\/uploads\/2022\/04\/img_4909.jpg\" data-title=\"IMG_4909\" title=\"IMG_4909\" rel=\"noreferrer\" data-rel=\"iLightbox[gallery_image_1]\" class=\"fusion-lightbox\" target=\"_self\"><img decoding=\"async\" src=\"https:\/\/www.epoproff.ee\/wp-content\/uploads\/2022\/04\/img_4909.jpg\" data-orig-src=\"https:\/\/www.epoproff.ee\/wp-content\/uploads\/2022\/04\/img_4909.jpg\" width=\"2560\" height=\"1920\" alt=\"\" title=\"IMG_4909\" aria-label=\"IMG_4909\" class=\"lazyload img-responsive wp-image-3534\" srcset=\"data:image\/svg+xml,%3Csvg%20xmlns%3D%27http%3A%2F%2Fwww.w3.org%2F2000%2Fsvg%27%20width%3D%272560%27%20height%3D%271920%27%20viewBox%3D%270%200%202560%201920%27%3E%3Crect%20width%3D%272560%27%20height%3D%271920%27%20fill-opacity%3D%220%22%2F%3E%3C%2Fsvg%3E\" data-srcset=\"https:\/\/www.epoproff.ee\/wp-content\/uploads\/2022\/04\/img_4909-200x150.jpg 200w, https:\/\/www.epoproff.ee\/wp-content\/uploads\/2022\/04\/img_4909-400x300.jpg 400w, https:\/\/www.epoproff.ee\/wp-content\/uploads\/2022\/04\/img_4909-600x450.jpg 600w, https:\/\/www.epoproff.ee\/wp-content\/uploads\/2022\/04\/img_4909-800x600.jpg 800w, https:\/\/www.epoproff.ee\/wp-content\/uploads\/2022\/04\/img_4909-1200x900.jpg 1200w, https:\/\/www.epoproff.ee\/wp-content\/uploads\/2022\/04\/img_4909.jpg 2560w\" data-sizes=\"auto\" data-orig-sizes=\"(min-width: 2200px) 100vw, (min-width: 856px) 314px, (min-width: 784px) 418px, (min-width: 712px) 628px, (min-width: 640px) 712px, \" \/><\/a><\/div><\/div><div style=\"padding:5px;\" class=\"fusion-grid-column fusion-gallery-column fusion-gallery-column-4 hover-type-zoomin\"><div class=\"fusion-gallery-image\"><a href=\"https:\/\/www.epoproff.ee\/wp-content\/uploads\/2022\/04\/epoliiva-h66rdemass-maja-garaazis.jpg\" data-title=\"Epoliiva h66rdemass maja garaazis\" title=\"Epoliiva h66rdemass maja garaazis\" rel=\"noreferrer\" data-rel=\"iLightbox[gallery_image_1]\" class=\"fusion-lightbox\" target=\"_self\"><img decoding=\"async\" src=\"https:\/\/www.epoproff.ee\/wp-content\/uploads\/2022\/04\/epoliiva-h66rdemass-maja-garaazis.jpg\" data-orig-src=\"https:\/\/www.epoproff.ee\/wp-content\/uploads\/2022\/04\/epoliiva-h66rdemass-maja-garaazis.jpg\" width=\"1280\" height=\"960\" alt=\"\" title=\"Epoliiva h66rdemass maja garaazis\" aria-label=\"Epoliiva h66rdemass maja garaazis\" class=\"lazyload img-responsive wp-image-3492\" srcset=\"data:image\/svg+xml,%3Csvg%20xmlns%3D%27http%3A%2F%2Fwww.w3.org%2F2000%2Fsvg%27%20width%3D%271280%27%20height%3D%27960%27%20viewBox%3D%270%200%201280%20960%27%3E%3Crect%20width%3D%271280%27%20height%3D%27960%27%20fill-opacity%3D%220%22%2F%3E%3C%2Fsvg%3E\" data-srcset=\"https:\/\/www.epoproff.ee\/wp-content\/uploads\/2022\/04\/epoliiva-h66rdemass-maja-garaazis-200x150.jpg 200w, https:\/\/www.epoproff.ee\/wp-content\/uploads\/2022\/04\/epoliiva-h66rdemass-maja-garaazis-400x300.jpg 400w, https:\/\/www.epoproff.ee\/wp-content\/uploads\/2022\/04\/epoliiva-h66rdemass-maja-garaazis-600x450.jpg 600w, https:\/\/www.epoproff.ee\/wp-content\/uploads\/2022\/04\/epoliiva-h66rdemass-maja-garaazis-800x600.jpg 800w, https:\/\/www.epoproff.ee\/wp-content\/uploads\/2022\/04\/epoliiva-h66rdemass-maja-garaazis-1200x900.jpg 1200w, https:\/\/www.epoproff.ee\/wp-content\/uploads\/2022\/04\/epoliiva-h66rdemass-maja-garaazis.jpg 1280w\" data-sizes=\"auto\" data-orig-sizes=\"(min-width: 2200px) 100vw, (min-width: 856px) 314px, (min-width: 784px) 418px, (min-width: 712px) 628px, (min-width: 640px) 712px, \" \/><\/a><\/div><\/div><div class=\"clearfix\"><\/div><\/div><\/div>\n\n<\/div><\/div><div class=\"fusion-layout-column fusion_builder_column fusion-builder-column-2 fusion_builder_column_1_3 1_3 fusion-flex-column fusion-animated\" style=\"--awb-bg-size:cover;--awb-width-large:33.333333333333%;--awb-margin-top-large:0px;--awb-spacing-right-large:5.76%;--awb-margin-bottom-large:0px;--awb-spacing-left-large:5.76%;--awb-width-medium:100%;--awb-spacing-right-medium:1.92%;--awb-spacing-left-medium:1.92%;--awb-width-small:100%;--awb-spacing-right-small:1.92%;--awb-spacing-left-small:1.92%;\" data-animationType=\"fadeIn\" data-animationDuration=\"1.0\" data-animationOffset=\"top-into-view\"><div class=\"fusion-column-wrapper fusion-column-has-shadow fusion-flex-justify-content-center fusion-content-layout-column\"><div ><a class=\"fusion-button button-flat button-xlarge button-custom fusion-button-default button-1 fusion-button-span-yes fusion-button-default-type\" style=\"--button_accent_color:var(--awb-color1);--button_border_color:var(--awb-color5);--button_accent_hover_color:var(--awb-color1);--button_border_hover_color:#f9bf00;--button_border_width-top:3px;--button_border_width-right:3px;--button_border_width-bottom:3px;--button_border_width-left:3px;--button_gradient_top_color:var(--awb-color5);--button_gradient_bottom_color:var(--awb-color5);--button_gradient_top_color_hover:#f9bf00;--button_gradient_bottom_color_hover:#f9bf00;--button_text_transform:var(--awb-typography2-text-transform);--button_typography-letter-spacing:var(--awb-typography3-letter-spacing);--button_typography-font-family:var(--awb-typography3-font-family);--button_typography-font-weight:var(--awb-typography3-font-weight);--button_typography-font-style:var(--awb-typography3-font-style);--button_margin-top:20px;\" target=\"lightbox\" rel=\"iLightbox\" href=\"https:\/\/www.epoproff.ee\/wp-content\/uploads\/2022\/06\/epoksilattioiden-puhdistus-ja-hoito-ohje-epoproff-ou.pdf\"><span class=\"fusion-button-text awb-button__text awb-button__text--default\">puhdistus- ja hoito-ohjeet<\/span><\/a><\/div><\/div><\/div><div class=\"fusion-layout-column fusion_builder_column fusion-builder-column-3 fusion_builder_column_1_4 1_4 fusion-flex-column fusion-animated\" style=\"--awb-bg-size:cover;--awb-width-large:25%;--awb-margin-top-large:0px;--awb-spacing-right-large:7.68%;--awb-margin-bottom-large:0px;--awb-spacing-left-large:4.608%;--awb-width-medium:100%;--awb-spacing-right-medium:1.92%;--awb-spacing-left-medium:1.92%;--awb-width-small:100%;--awb-spacing-right-small:1.92%;--awb-spacing-left-small:1.92%;\" data-animationType=\"fadeIn\" data-animationDuration=\"1.0\" data-animationOffset=\"top-into-view\"><div class=\"fusion-column-wrapper fusion-column-has-shadow fusion-flex-justify-content-center fusion-content-layout-column\"><div ><a class=\"fusion-button button-flat button-xlarge button-custom fusion-button-default button-2 fusion-button-span-yes fusion-button-default-type\" style=\"--button_accent_color:var(--awb-color1);--button_border_color:var(--awb-color7);--button_accent_hover_color:var(--awb-color7);--button_border_hover_color:var(--awb-color7);--button_border_width-top:3px;--button_border_width-right:3px;--button_border_width-bottom:3px;--button_border_width-left:3px;--button_gradient_top_color:var(--awb-color7);--button_gradient_bottom_color:var(--awb-color7);--button_gradient_top_color_hover:hsla(var(--awb-color1-h),var(--awb-color1-s),var(--awb-color1-l),calc( var(--awb-color1-a) - 5% ));--button_gradient_bottom_color_hover:hsla(var(--awb-color1-h),var(--awb-color1-s),var(--awb-color1-l),calc( var(--awb-color1-a) - 5% ));--button_text_transform:var(--awb-typography2-text-transform);--button_typography-letter-spacing:var(--awb-typography3-letter-spacing);--button_typography-font-family:var(--awb-typography3-font-family);--button_typography-font-weight:var(--awb-typography3-font-weight);--button_typography-font-style:var(--awb-typography3-font-style);--button_margin-top:20px;\" target=\"_self\" href=\"https:\/\/www.epoproff.ee\/fi\/ottaa-yhteytta\"><span class=\"fusion-button-text awb-button__text awb-button__text--default\">Ottaa yhteytt\u00e4<\/span><\/a><\/div><\/div><\/div><\/div><\/div>\n","protected":false},"excerpt":{"rendered":"","protected":false},"author":2,"featured_media":0,"parent":0,"menu_order":0,"comment_status":"closed","ping_status":"closed","template":"100-width.php","meta":{"footnotes":""},"class_list":["post-5978","page","type-page","status-publish","hentry"],"_links":{"self":[{"href":"https:\/\/www.epoproff.ee\/fi\/wp-json\/wp\/v2\/pages\/5978","targetHints":{"allow":["GET"]}}],"collection":[{"href":"https:\/\/www.epoproff.ee\/fi\/wp-json\/wp\/v2\/pages"}],"about":[{"href":"https:\/\/www.epoproff.ee\/fi\/wp-json\/wp\/v2\/types\/page"}],"author":[{"embeddable":true,"href":"https:\/\/www.epoproff.ee\/fi\/wp-json\/wp\/v2\/users\/2"}],"replies":[{"embeddable":true,"href":"https:\/\/www.epoproff.ee\/fi\/wp-json\/wp\/v2\/comments?post=5978"}],"version-history":[{"count":11,"href":"https:\/\/www.epoproff.ee\/fi\/wp-json\/wp\/v2\/pages\/5978\/revisions"}],"predecessor-version":[{"id":7519,"href":"https:\/\/www.epoproff.ee\/fi\/wp-json\/wp\/v2\/pages\/5978\/revisions\/7519"}],"wp:attachment":[{"href":"https:\/\/www.epoproff.ee\/fi\/wp-json\/wp\/v2\/media?parent=5978"}],"curies":[{"name":"wp","href":"https:\/\/api.w.org\/{rel}","templated":true}]}}